{"id":108,"date":"2009-01-15T11:30:52","date_gmt":"2009-01-15T08:30:52","guid":{"rendered":"http:\/\/www.tacseyahat.com\/?page_id=108"},"modified":"2009-03-17T13:26:26","modified_gmt":"2009-03-17T10:26:26","slug":"calisanlarimiz","status":"publish","type":"page","link":"http:\/\/www.tacseyahat.com\/?page_id=108","title":{"rendered":"Ekip"},"content":{"rendered":"<p>Belgin B\u00dcY\u00dcK\u00c7EL\u0130K<br \/>\nGenel M\u00fcd\u00fcr (ACTION TRAVEL)<br \/>\nbelgin@tacseyahat.com<\/p>\n<p>Tayfun KUTMAN<br \/>\nGenel M\u00fcd\u00fcr (TRANSACTION)<br \/>\ntayfun@tacseyahat.com<\/p>\n<p>Murat CAN<br \/>\nMuhasebe<br \/>\nmurat@tacseyahat.com<\/p>\n<p>Can D\u0130KER<br \/>\nKontuar<br \/>\ncan@tacseyahat.com<\/p>\n<p>Koray\u00a0ERTA\u00c7<br \/>\nFuar Operasyon<br \/>\nexpo@tacseyahat.com<\/p>\n<p>Kenan CEYLAN<br \/>\nOffice Boy<br \/>\nkenan@tacseyahat.com<\/p>\n","protected":false},"excerpt":{"rendered":"<p>Belgin B\u00dcY\u00dcK\u00c7EL\u0130K Genel M\u00fcd\u00fcr (ACTION TRAVEL) belgin@tacseyahat.com Tayfun KUTMAN Genel M\u00fcd\u00fcr (TRANSACTION) tayfun@tacseyahat.com Murat CAN Muhasebe murat@tacseyahat.com Can D\u0130KER Kontuar can@tacseyahat.com Koray\u00a0ERTA\u00c7 Fuar Operasyon expo@tacseyahat.com Kenan CEYLAN Office Boy kenan@tacseyahat.com<\/p>\n","protected":false},"author":1,"featured_media":0,"parent":0,"menu_order":0,"comment_status":"closed","ping_status":"open","template":"","meta":{"footnotes":""},"_links":{"self":[{"href":"http:\/\/www.tacseyahat.com\/index.php?rest_route=\/wp\/v2\/pages\/108"}],"collection":[{"href":"http:\/\/www.tacseyahat.com\/index.php?rest_route=\/wp\/v2\/pages"}],"about":[{"href":"http:\/\/www.tacseyahat.com\/index.php?rest_route=\/wp\/v2\/types\/page"}],"author":[{"embeddable":true,"href":"http:\/\/www.tacseyahat.com\/index.php?rest_route=\/wp\/v2\/users\/1"}],"replies":[{"embeddable":true,"href":"http:\/\/www.tacseyahat.com\/index.php?rest_route=%2Fwp%2Fv2%2Fcomments&post=108"}],"version-history":[{"count":5,"href":"http:\/\/www.tacseyahat.com\/index.php?rest_route=\/wp\/v2\/pages\/108\/revisions"}],"predecessor-version":[{"id":118,"href":"http:\/\/www.tacseyahat.com\/index.php?rest_route=\/wp\/v2\/pages\/108\/revisions\/118"}],"wp:attachment":[{"href":"http:\/\/www.tacseyahat.com\/index.php?rest_route=%2Fwp%2Fv2%2Fmedia&parent=108"}],"curies":[{"name":"wp","href":"https:\/\/api.w.org\/{rel}","templated":true}]}}