{"id":11,"date":"2008-10-07T14:25:06","date_gmt":"2008-10-07T11:25:06","guid":{"rendered":"http:\/\/www.tacseyahat.com\/wp\/?page_id=11"},"modified":"2008-10-07T15:24:04","modified_gmt":"2008-10-07T12:24:04","slug":"iletisim","status":"publish","type":"page","link":"http:\/\/www.tacseyahat.com\/?page_id=11","title":{"rendered":"\u0130leti\u015fim"},"content":{"rendered":"<p><strong>TA\u00c7 SEYAHAT TUR\u0130ZM T\u0130CARET VE LTD. \u015eT\u0130.<\/strong><br \/>\nU\u011fur Mumcu Sokak 36 \/ 1<br \/>\n06700 Gaziosmanpa\u015fa \/ ANKARA<br \/>\nTel: 0312 446 06 39<br \/>\nFax: 0312 446 07 15<\/p>\n<p><strong>HAR\u0130TA B\u0130LG\u0130S\u0130<\/strong><\/p>\n<p><iframe loading=\"lazy\" width=\"425\" height=\"350\" frameborder=\"0\" scrolling=\"no\" marginheight=\"0\" marginwidth=\"0\" src=\"http:\/\/maps.google.com\/maps?f=q&amp;hl=tr&amp;geocode=&amp;q=u%C4%9Fur+mumcu+sok&amp;sll=39.944687,32.856073&amp;sspn=0.047181,0.076904&amp;ie=UTF8&amp;ll=39.902099,32.880106&amp;spn=0.048791,0.076904&amp;z=14&amp;iwloc=addr&amp;output=embed&amp;s=AARTsJr2LzEkPJ5uJEqUtSCZM7NYv_6h0g\"><\/iframe><br \/><small><a href=\"http:\/\/maps.google.com\/maps?f=q&amp;hl=tr&amp;geocode=&amp;q=u%C4%9Fur+mumcu+sok&amp;sll=39.944687,32.856073&amp;sspn=0.047181,0.076904&amp;ie=UTF8&amp;ll=39.902099,32.880106&amp;spn=0.048791,0.076904&amp;z=14&amp;iwloc=addr&amp;source=embed\" style=\"color:#0000FF;text-align:left\">Daha B\u00fcy\u00fck Haritay\u0131 G\u00f6r\u00fcnt\u00fcle<\/a><\/small><\/p>\n","protected":false},"excerpt":{"rendered":"<p>TA\u00c7 SEYAHAT TUR\u0130ZM T\u0130CARET VE LTD. \u015eT\u0130. U\u011fur Mumcu Sokak 36 \/ 1 06700 Gaziosmanpa\u015fa \/ ANKARA Tel: 0312 446 06 39 Fax: 0312 446 07 15 HAR\u0130TA B\u0130LG\u0130S\u0130 Daha B\u00fcy\u00fck Haritay\u0131 G\u00f6r\u00fcnt\u00fcle<\/p>\n","protected":false},"author":1,"featured_media":0,"parent":0,"menu_order":0,"comment_status":"open","ping_status":"open","template":"","meta":{"footnotes":""},"_links":{"self":[{"href":"http:\/\/www.tacseyahat.com\/index.php?rest_route=\/wp\/v2\/pages\/11"}],"collection":[{"href":"http:\/\/www.tacseyahat.com\/index.php?rest_route=\/wp\/v2\/pages"}],"about":[{"href":"http:\/\/www.tacseyahat.com\/index.php?rest_route=\/wp\/v2\/types\/page"}],"author":[{"embeddable":true,"href":"http:\/\/www.tacseyahat.com\/index.php?rest_route=\/wp\/v2\/users\/1"}],"replies":[{"embeddable":true,"href":"http:\/\/www.tacseyahat.com\/index.php?rest_route=%2Fwp%2Fv2%2Fcomments&post=11"}],"version-history":[{"count":4,"href":"http:\/\/www.tacseyahat.com\/index.php?rest_route=\/wp\/v2\/pages\/11\/revisions"}],"predecessor-version":[{"id":30,"href":"http:\/\/www.tacseyahat.com\/index.php?rest_route=\/wp\/v2\/pages\/11\/revisions\/30"}],"wp:attachment":[{"href":"http:\/\/www.tacseyahat.com\/index.php?rest_route=%2Fwp%2Fv2%2Fmedia&parent=11"}],"curies":[{"name":"wp","href":"https:\/\/api.w.org\/{rel}","templated":true}]}}