{"id":19,"date":"2008-10-07T14:51:38","date_gmt":"2008-10-07T11:51:38","guid":{"rendered":"http:\/\/www.tacseyahat.com\/wp\/?page_id=19"},"modified":"2008-10-09T13:50:10","modified_gmt":"2008-10-09T10:50:10","slug":"hacim-hesaplama","status":"publish","type":"page","link":"http:\/\/www.tacseyahat.com\/?page_id=19","title":{"rendered":"Hacim Hesaplama"},"content":{"rendered":"<p><script type=\"text\/JavaScript\"><!--\nfunction hesapla() {\nif (volum.koli1.value == '') { alert('L\u00fctfen Koli Adedi b\u00f6l\u00fcm\u00fcn\u00fc bo\u015f b\u0131rakmay\u0131n\u0131z!'); volum.koli.focus(); return false }\nif (volum.genis1.value == '') { alert('L\u00fctfen Geni\u015flik b\u00f6l\u00fcm\u00fcn\u00fc bo\u015f b\u0131rakmay\u0131n\u0131z!'); volum.genis1.focus(); return false }\nif (volum.uzun1.value == '') { alert('L\u00fctfen Uzunluk b\u00f6l\u00fcm\u00fcn\u00fc bo\u015f b\u0131rakmay\u0131n\u0131z!'); volum.uzun1.focus(); return false }\nif (volum.yuksek1.value == '') { alert('L\u00fctfen Y\u00fckseklik b\u00f6l\u00fcm\u00fcn\u00fc bo\u015f b\u0131rakmay\u0131n\u0131z!'); volum.yuksek1.focus(); return false }\nelse\nvar degisken1 = eval(volum.koli1.value) * eval(volum.genis1.value) * eval(volum.uzun1.value) * eval(volum.yuksek1.value)\nvolum.hacim1.value = degisken1 \/ 1000000 ;\nvolum.havayolu1.value = degisken1 \/6000 ;\nvolum.karayolu1.value = degisken1 \/3000 ;\nvolum.denizyolu1.value = degisken1 \/1000 ;\n}\n\/\/ --><\/script><\/p>\n<table class=\"yazi\" style=\"border-collapse: collapse\" border=\"0\" cellspacing=\"1\" cellpadding=\"3\" width=\"403\" bordercolor=\"#111111\">\n<tbody>\n<tr align=\"center\">\n<td style=\"text-align: left;\" colspan=\"8\" height=\"10\">Ta\u015f\u0131mac\u0131l\u0131kta, ta\u015f\u0131nan y\u00fck\u00fcn a\u011f\u0131rl\u0131\u011f\u0131 ile birlikte hacmi yani kaplad\u0131\u011f\u0131 alan da \u00f6nem g\u00f6stermektedir. Bu nedenle ta\u015f\u0131ma \u00e7e\u015fitlerine g\u00f6re metrek\u00fcp baz\u0131nda minimum a\u011f\u0131rl\u0131klar a\u015fa\u011f\u0131daki tabloda g\u00f6sterilmi\u015ftir.<\/td>\n<\/tr>\n<tr align=\"center\">\n<td colspan=\"8\" height=\"10\">\n<table class=\"yazi\" border=\"0\" cellspacing=\"1\" cellpadding=\"3\" width=\"400\">\n<tbody>\n<tr bgcolor=\"#5990f4\">\n<td width=\"33%\"><span style=\"color: #ffffff;\"><strong>Ta\u015f\u0131ma \u015eekli<\/strong><\/span><\/td>\n<td width=\"33%\"><span style=\"color: #ffffff;\"><strong>Baz<\/strong><\/span><\/td>\n<td width=\"33%\"><span style=\"color: #ffffff;\"><strong>Minimum A\u011f\u0131rl\u0131k <\/strong><\/span><\/td>\n<\/tr>\n<tr>\n<td width=\"33%\" bgcolor=\"#cccccc\">Hava Yolu<\/td>\n<td width=\"33%\" bgcolor=\"#aaaaaa\">1 m3<\/td>\n<td width=\"33%\" bgcolor=\"#cccccc\">167 kg<\/td>\n<\/tr>\n<tr>\n<td width=\"33%\" bgcolor=\"#cccccc\">TIR + U\u00e7ak<\/td>\n<td width=\"33%\" bgcolor=\"#aaaaaa\">1 m3<\/td>\n<td width=\"33%\" bgcolor=\"#cccccc\">167 kg<\/td>\n<\/tr>\n<tr>\n<td width=\"33%\" bgcolor=\"#cccccc\">Kara Yolu<\/td>\n<td width=\"33%\" bgcolor=\"#aaaaaa\">1 m3<\/td>\n<td width=\"33%\" bgcolor=\"#cccccc\">333 kg<\/td>\n<\/tr>\n<tr>\n<td width=\"33%\" bgcolor=\"#cccccc\">Deniz Yolu<\/td>\n<td width=\"33%\" bgcolor=\"#aaaaaa\">1 m3<\/td>\n<td width=\"33%\" bgcolor=\"#cccccc\">1000 kg<\/td>\n<\/tr>\n<\/tbody>\n<\/table>\n<\/td>\n<\/tr>\n<tr align=\"center\">\n<td style=\"text-align: left;\" colspan=\"8\" height=\"10\">Kargonuzun vol\u00fcm a\u011f\u0131rl\u0131\u011f\u0131n\u0131 hesaplamak i\u00e7in a\u015fa\u011f\u0131daki<br \/>\ntabloyu kullanabilirsiniz.<br \/>\nKap adedini ve kap \u00f6l\u00e7\u00fclerini santimetre cinsinden giriniz.<br \/>\nDoldurulmas\u0131 gereken alanlar sadece &#8221; <strong>Koli Adedi, Geni\u015flik,<br \/>\nUzunluk, Y\u00fckseklik<\/strong> &#8220;<\/td>\n<\/tr>\n<tr align=\"center\">\n<td colspan=\"8\" height=\"10\">\n<form id=\"volum\" action=\"#\" accept-charset=\"UNKNOWN\" enctype=\"application\/x-www-form-urlencoded\" method=\"post\">\n<table border=\"1\" cellspacing=\"0\" cellpadding=\"0\" width=\"400\" bordercolor=\"#999999\">\n<tbody>\n<tr>\n<td>\n<table class=\"yazi\" border=\"0\" cellspacing=\"1\" cellpadding=\"3\" width=\"400\">\n<tbody>\n<tr bgcolor=\"#5990f4\">\n<td colspan=\"4\"><span style=\"color: #ffffff;\"><strong>\u00a0Vol\u00fcm Hesaplama<br \/>\nTablosu<\/strong><\/span><\/td>\n<\/tr>\n<tr align=\"center\">\n<td><strong>Koli Adedi<\/strong><\/td>\n<td><strong>Geni\u015flik<\/strong><\/td>\n<td><strong>Uzunluk<\/strong><\/td>\n<td><strong>Y\u00fckseklik<\/strong><\/td>\n<\/tr>\n<tr align=\"center\">\n<td><input id=\"koli3\" style=\"background-color: #FFFFCC\" name=\"koli1\" size=\"10\" type=\"text\" \/><\/td>\n<td><input style=\"background-color: #FFFFCC\" name=\"genis1\" size=\"10\" type=\"text\" \/><\/td>\n<td><input style=\"background-color: #FFFFCC\" name=\"uzun1\" size=\"10\" type=\"text\" \/><\/td>\n<td><input style=\"background-color: #FFFFCC\" name=\"yuksek1\" size=\"10\" type=\"text\" \/><\/td>\n<\/tr>\n<tr>\n<td>\u00a0<\/td>\n<td colspan=\"3\" align=\"center\" bgcolor=\"#cccccc\"><strong>Vol\u00fcm A\u011f\u0131rl\u0131k<\/strong><\/td>\n<\/tr>\n<tr align=\"center\">\n<td><strong>Hacim (m3)<\/strong><\/td>\n<td><strong>Havayolu<\/strong><\/td>\n<td><strong>Karayolu<\/strong><\/td>\n<td><strong>DenizYolu<\/strong><\/td>\n<\/tr>\n<tr align=\"center\">\n<td><input name=\"hacim1\" size=\"10\" type=\"text\" value=\"0\" \/><\/td>\n<td><input name=\"havayolu1\" size=\"10\" type=\"text\" value=\"0\" \/><\/td>\n<td><input name=\"karayolu1\" size=\"10\" type=\"text\" value=\"0\" \/><\/td>\n<td><input name=\"denizyolu1\" size=\"10\" type=\"text\" value=\"0\" \/><\/td>\n<\/tr>\n<tr>\n<td>\u00a0<\/td>\n<td>\u00a0<\/td>\n<td>\u00a0<\/td>\n<td>\u00a0<\/td>\n<\/tr>\n<tr>\n<td>\u00a0<\/td>\n<td>\u00a0<\/td>\n<td>\u00a0<\/td>\n<td>\n<div><input id=\"Button\" onclick=\"hesapla();\" name=\"Button\" size=\"20\" type=\"button\" value=\"Hesapla\" \/><\/div>\n<\/td>\n<\/tr>\n<\/tbody>\n<\/table>\n<\/td>\n<\/tr>\n<\/tbody>\n<\/table>\n<\/form>\n<\/td>\n<\/tr>\n<tr>\n<td width=\"100%\">\u00a0<\/td>\n<\/tr>\n<\/tbody>\n<\/table>\n","protected":false},"excerpt":{"rendered":"<p>Ta\u015f\u0131mac\u0131l\u0131kta, ta\u015f\u0131nan y\u00fck\u00fcn a\u011f\u0131rl\u0131\u011f\u0131 ile birlikte hacmi yani kaplad\u0131\u011f\u0131 alan da \u00f6nem g\u00f6stermektedir. Bu nedenle ta\u015f\u0131ma \u00e7e\u015fitlerine g\u00f6re metrek\u00fcp baz\u0131nda minimum a\u011f\u0131rl\u0131klar a\u015fa\u011f\u0131daki tabloda g\u00f6sterilmi\u015ftir. Ta\u015f\u0131ma \u015eekli Baz Minimum A\u011f\u0131rl\u0131k Hava Yolu 1 m3 167 kg TIR + U\u00e7ak 1 m3 167 kg Kara Yolu 1 m3 333 kg Deniz Yolu 1 m3 1000 kg [&hellip;]<\/p>\n","protected":false},"author":1,"featured_media":0,"parent":0,"menu_order":0,"comment_status":"closed","ping_status":"closed","template":"","meta":{"footnotes":""},"_links":{"self":[{"href":"http:\/\/www.tacseyahat.com\/index.php?rest_route=\/wp\/v2\/pages\/19"}],"collection":[{"href":"http:\/\/www.tacseyahat.com\/index.php?rest_route=\/wp\/v2\/pages"}],"about":[{"href":"http:\/\/www.tacseyahat.com\/index.php?rest_route=\/wp\/v2\/types\/page"}],"author":[{"embeddable":true,"href":"http:\/\/www.tacseyahat.com\/index.php?rest_route=\/wp\/v2\/users\/1"}],"replies":[{"embeddable":true,"href":"http:\/\/www.tacseyahat.com\/index.php?rest_route=%2Fwp%2Fv2%2Fcomments&post=19"}],"version-history":[{"count":12,"href":"http:\/\/www.tacseyahat.com\/index.php?rest_route=\/wp\/v2\/pages\/19\/revisions"}],"predecessor-version":[{"id":66,"href":"http:\/\/www.tacseyahat.com\/index.php?rest_route=\/wp\/v2\/pages\/19\/revisions\/66"}],"wp:attachment":[{"href":"http:\/\/www.tacseyahat.com\/index.php?rest_route=%2Fwp%2Fv2%2Fmedia&parent=19"}],"curies":[{"name":"wp","href":"https:\/\/api.w.org\/{rel}","templated":true}]}}