{"id":2,"date":"2008-10-07T13:38:30","date_gmt":"2008-10-07T10:38:30","guid":{"rendered":"http:\/\/www.tacseyahat.com\/wp\/?page_id=2"},"modified":"2008-10-09T12:35:55","modified_gmt":"2008-10-09T09:35:55","slug":"hakkinda","status":"publish","type":"page","link":"http:\/\/www.tacseyahat.com\/","title":{"rendered":"Hakk\u0131m\u0131zda"},"content":{"rendered":"<p>Y\u0131llar\u0131n verdi\u011fi tecr\u00fcbe ve deneyim ile fuarc\u0131l\u0131k, uluslararas\u0131 ta\u015f\u0131mac\u0131l\u0131k ve seyahat acental\u0131\u011f\u0131 sekt\u00f6rlerine ba\u015far\u0131 ile hizmet veren bizler, bunun gururu ile 20.11.2000 tarihinden itibaren &#8220;TA\u00c7 SEYAHAT, TUR\u0130ZM VE T\u0130CARET LTD.\u015eT\u0130&#8221; b\u00fcnyesinde faaliyetlerimize devam etmekteyiz. Bu \u00e7at\u0131 alt\u0131ndaki faaliyetlerimizi &#8220;TRANSACTION FUARCILIK VE ULUSLARARASI TA\u015eIMACILIK&#8221; ve &#8220;ACTION SEYAHAT VE TURiZM&#8221; \u00fcnvan\u0131 ile s\u00fcrd\u00fcrmekteyiz. <\/p>\n<p>TRANSACTION, fuarc\u0131l\u0131k ve buna ba\u011fl\u0131 olarak nakliye, g\u00fcmr\u00fckleme, sigortalama, y\u00fckleme, bo\u015faltma, depolama, k\u0131sacas\u0131 &#8220;depo &#8211; stand depo&#8221; i\u015flemlerini kapsayan hizmetleri vermektedir. \u015eirketimiz, bunun gibi geni\u015f kapsaml\u0131 hizmetleri vermek \u00fczere d\u00fcnyan\u0131n \u00e7e\u015fitli \u00fclkelerinde fuar nakliye organizasyonu yapan \u015firketlerin temsilcisidir. Uluslararas\u0131 arenada geli\u015fen i\u015f ili\u015fkileri ve sa\u011flanan g\u00fcven sayesinde yabanc\u0131 \u015firketlerin beraber \u00e7al\u0131\u015fma arzusunda bulunmalar\u0131 \u015firketimizi h\u0131zl\u0131 b\u00fcy\u00fcme trendine sokmu\u015ftur.<br \/>\nBug\u00fcne kadar \u00f6zellikle T.C.BA\u015eBAKANLIK D\u0131\u015f Ticaret M\u00fcste\u015farl\u0131\u011f\u0131&#8217;na ba\u011fl\u0131 birliklerin (istanbul Tekstil ve Konfeksiyon ihracat\u00e7\u0131 Birlikleri, ihracat\u0131 Geli\u015ftirme Et\u00fcd Merkezi, istanbul ihracat\u00e7\u0131 Birlikleri, Uluda\u011f ihracat\u00e7\u0131 Birlikleri, Ege ihracat\u00e7\u0131 Birlikleri gibi) organize etti\u011fi \u00e7e\u015fitli yurtd\u0131\u015f\u0131 fuarlar\u0131n\u0131n nakliye organizasyonlar\u0131n\u0131 ba\u015far\u0131 ile ger\u00e7ekle\u015ftiren \u015firketimizin bu sekt\u00f6rde \u00fclke ekonomimize b\u00fcy\u00fck katk\u0131 sa\u011flad\u0131\u011f\u0131na inanmaktay\u0131z. Ayr\u0131ca uluslararas\u0131 fuarlara bireysel kat\u0131lan firmalara da hizmet veren kurulu\u015fumuz bu hizmetlerini daha da geli\u015ftirmeyi kendisine g\u00f6rev edinmi\u015ftir. <\/p>\n<p>ACTION, Uluslararas\u0131 hava ta\u015f\u0131mac\u0131l\u0131\u011f\u0131 I.A.T.A.\u00fcyesi olup m\u00fc\u015fterilerine seyahat ve organizasyon olanaklar\u0131 sa\u011flamaktad\u0131r. Seyahat acentam\u0131z t\u00fcm seyahat programlar\u0131n\u0131zda u\u00e7ak biletlerinizi, otel rezervasyonlar\u0131n\u0131z\u0131 ve fuar seyahat organizasyonlar\u0131n\u0131zda en kaliteli hizmeti en uygun fiyatlarla sizlere sunmaktad\u0131r. <\/p>\n<p>\u00dclkemiz ticaret hacmini art\u0131rarak ekonomimize b\u00fcy\u00fck girdi olanaklar\u0131 sunan fuarc\u0131l\u0131k sekt\u00f6r\u00fcnde bizlere d\u00fc\u015fen g\u00f6rev bug\u00fcne kadar ba\u015far\u0131 ile y\u00fcr\u00fctt\u00fc\u011f\u00fcm\u00fcz hizmetlerimizi daima daha ileriye g\u00f6t\u00fcrerek \u00fclkemizi en iyi \u015fekilde temsil etmektir. <\/p>\n<p>E\u011fitimli eleman kadrosuyla, modern ileti\u015fim ve teknolojiyi yak\u0131ndan takip ederek en \u00fcst d\u00fczeyde hizmet vermek kurulu\u015fumuzun de\u011fi\u015fmez anlay\u0131\u015f\u0131d\u0131r.<\/p>\n","protected":false},"excerpt":{"rendered":"<p>Y\u0131llar\u0131n verdi\u011fi tecr\u00fcbe ve deneyim ile fuarc\u0131l\u0131k, uluslararas\u0131 ta\u015f\u0131mac\u0131l\u0131k ve seyahat acental\u0131\u011f\u0131 sekt\u00f6rlerine ba\u015far\u0131 ile hizmet veren bizler, bunun gururu ile 20.11.2000 tarihinden itibaren &#8220;TA\u00c7 SEYAHAT, TUR\u0130ZM VE T\u0130CARET LTD.\u015eT\u0130&#8221; b\u00fcnyesinde faaliyetlerimize devam etmekteyiz. Bu \u00e7at\u0131 alt\u0131ndaki faaliyetlerimizi &#8220;TRANSACTION FUARCILIK VE ULUSLARARASI TA\u015eIMACILIK&#8221; ve &#8220;ACTION SEYAHAT VE TURiZM&#8221; \u00fcnvan\u0131 ile s\u00fcrd\u00fcrmekteyiz. TRANSACTION, fuarc\u0131l\u0131k ve buna [&hellip;]<\/p>\n","protected":false},"author":1,"featured_media":0,"parent":0,"menu_order":0,"comment_status":"closed","ping_status":"open","template":"","meta":{"footnotes":""},"_links":{"self":[{"href":"http:\/\/www.tacseyahat.com\/index.php?rest_route=\/wp\/v2\/pages\/2"}],"collection":[{"href":"http:\/\/www.tacseyahat.com\/index.php?rest_route=\/wp\/v2\/pages"}],"about":[{"href":"http:\/\/www.tacseyahat.com\/index.php?rest_route=\/wp\/v2\/types\/page"}],"author":[{"embeddable":true,"href":"http:\/\/www.tacseyahat.com\/index.php?rest_route=\/wp\/v2\/users\/1"}],"replies":[{"embeddable":true,"href":"http:\/\/www.tacseyahat.com\/index.php?rest_route=%2Fwp%2Fv2%2Fcomments&post=2"}],"version-history":[{"count":2,"href":"http:\/\/www.tacseyahat.com\/index.php?rest_route=\/wp\/v2\/pages\/2\/revisions"}],"predecessor-version":[{"id":38,"href":"http:\/\/www.tacseyahat.com\/index.php?rest_route=\/wp\/v2\/pages\/2\/revisions\/38"}],"wp:attachment":[{"href":"http:\/\/www.tacseyahat.com\/index.php?rest_route=%2Fwp%2Fv2%2Fmedia&parent=2"}],"curies":[{"name":"wp","href":"https:\/\/api.w.org\/{rel}","templated":true}]}}