{"id":39,"date":"2008-10-09T12:42:57","date_gmt":"2008-10-09T09:42:57","guid":{"rendered":"http:\/\/www.tacseyahat.com\/wp\/?page_id=39"},"modified":"2008-10-09T12:43:48","modified_gmt":"2008-10-09T09:43:48","slug":"kalite-politikasi","status":"publish","type":"page","link":"http:\/\/www.tacseyahat.com\/?page_id=39","title":{"rendered":"Kalite Politikas\u0131"},"content":{"rendered":"<p>Seyahat acentemizde, konusunda e\u011fitimli ve deneyimli personeli ile, hatas\u0131z seyahat organizasyonu ger\u00e7ekle\u015ftirerek ve kullan\u0131labilir \u00fccretlerin en uygun olan\u0131n\u0131 se\u00e7erek m\u00fc\u015fterilerimize sekt\u00f6rdeki en iyi hizmeti sunaca\u011f\u0131z.<\/p>\n<p>Bu \u00e7er\u00e7evede firma olarak hedefimiz, m\u00fc\u015fterilerimizi tatmin edecek kalitede hizmet sunmak, \u00e7al\u0131\u015fanlar\u0131m\u0131z\u0131 memnun etmek, topluma fayda sa\u011flayarak maliyetlerimizi azaltmak,  rekabet g\u00fcc\u00fcm\u00fcz\u00fc art\u0131rmak ve turizm sekt\u00f6r\u00fcnde lider konuma gelmektir.<\/p>\n<p>\u201c \u0130nsana yat\u0131r\u0131m\u201d\u0131 kendimize ilke edinece\u011fiz ve t\u00fcm planlamalar\u0131m\u0131zda bu ilke do\u011frultusunda hareket edece\u011fiz. Sadece \u015firketimiz b\u00fcnyesindeki \u00e7al\u0131\u015fanlar\u0131 de\u011fil, i\u015f ortaklar\u0131 olarak kabul etti\u011fimiz m\u00fc\u015fterilerimizi, tedarik\u00e7ilerimizi ve t\u00fcm toplumu s\u00fcrekli olarak e\u011fitmeyi kendimize g\u00f6rev bilece\u011fiz.<\/p>\n<p>H\u0131zl\u0131 ve hatas\u0131z bilgi ak\u0131\u015f\u0131n\u0131 sa\u011flamak, uygunsuzluklar\u0131 azaltmak ve potansiyel uygunsuzluklar\u0131 \u00f6nlemek, b\u00f6ylece verdi\u011fimiz hizmetin kalitesini s\u00fcrekli iyile\u015ftirmek hedefiyle, m\u00fcmk\u00fcn olan en son teknolojiyi kullanaca\u011f\u0131z.<\/p>\n<p>TAC LTD.\u015eT\u0130.\u2019ni bir aile olarak kabul ediyoruz. Al\u0131nacak t\u00fcm \u00f6nemli kararlarda, \u00e7al\u0131\u015fanlar\u0131m\u0131z\u0131n da fikirlerine ba\u015fvurarak kat\u0131l\u0131mlar\u0131n\u0131 sa\u011flayaca\u011f\u0131z. \u00c7al\u0131\u015fanlar\u0131m\u0131z da, hem birbirine hem de \u015firketimiz d\u0131\u015f\u0131ndaki bireylere sayg\u0131l\u0131 ve anlay\u0131\u015fl\u0131 davranarak, profesyonel anlamda iyi ili\u015fkiler kurarak, m\u00fc\u015fterilerini memnun etmeyi kendilerine ama\u00e7 edinecektir.<\/p>\n<p>TAC LTD.\u015eT\u0130. olarak biz, ama\u00e7lar\u0131m\u0131za ula\u015fabilmemizin ger\u00e7ek bir tak\u0131m ruhuyla hareket ederek m\u00fcmk\u00fcn olaca\u011f\u0131n\u0131n bilincindeyiz. Bu tak\u0131mda her birey kendi \u00fczerine d\u00fc\u015fen g\u00f6revi yerine getirmek i\u00e7in, giri\u015fimci bir ruhla ve takip\u00e7i bir ki\u015filikle hareket etmeyi kendisine prensip edinecektir.<\/p>\n","protected":false},"excerpt":{"rendered":"<p>Seyahat acentemizde, konusunda e\u011fitimli ve deneyimli personeli ile, hatas\u0131z seyahat organizasyonu ger\u00e7ekle\u015ftirerek ve kullan\u0131labilir \u00fccretlerin en uygun olan\u0131n\u0131 se\u00e7erek m\u00fc\u015fterilerimize sekt\u00f6rdeki en iyi hizmeti sunaca\u011f\u0131z. Bu \u00e7er\u00e7evede firma olarak hedefimiz, m\u00fc\u015fterilerimizi tatmin edecek kalitede hizmet sunmak, \u00e7al\u0131\u015fanlar\u0131m\u0131z\u0131 memnun etmek, topluma fayda sa\u011flayarak maliyetlerimizi azaltmak, rekabet g\u00fcc\u00fcm\u00fcz\u00fc art\u0131rmak ve turizm sekt\u00f6r\u00fcnde lider konuma gelmektir. \u201c \u0130nsana [&hellip;]<\/p>\n","protected":false},"author":1,"featured_media":0,"parent":2,"menu_order":0,"comment_status":"closed","ping_status":"closed","template":"","meta":{"footnotes":""},"_links":{"self":[{"href":"http:\/\/www.tacseyahat.com\/index.php?rest_route=\/wp\/v2\/pages\/39"}],"collection":[{"href":"http:\/\/www.tacseyahat.com\/index.php?rest_route=\/wp\/v2\/pages"}],"about":[{"href":"http:\/\/www.tacseyahat.com\/index.php?rest_route=\/wp\/v2\/types\/page"}],"author":[{"embeddable":true,"href":"http:\/\/www.tacseyahat.com\/index.php?rest_route=\/wp\/v2\/users\/1"}],"replies":[{"embeddable":true,"href":"http:\/\/www.tacseyahat.com\/index.php?rest_route=%2Fwp%2Fv2%2Fcomments&post=39"}],"version-history":[{"count":2,"href":"http:\/\/www.tacseyahat.com\/index.php?rest_route=\/wp\/v2\/pages\/39\/revisions"}],"predecessor-version":[{"id":42,"href":"http:\/\/www.tacseyahat.com\/index.php?rest_route=\/wp\/v2\/pages\/39\/revisions\/42"}],"up":[{"embeddable":true,"href":"http:\/\/www.tacseyahat.com\/index.php?rest_route=\/wp\/v2\/pages\/2"}],"wp:attachment":[{"href":"http:\/\/www.tacseyahat.com\/index.php?rest_route=%2Fwp%2Fv2%2Fmedia&parent=39"}],"curies":[{"name":"wp","href":"https:\/\/api.w.org\/{rel}","templated":true}]}}